{"id":375,"date":"2025-04-30T12:15:40","date_gmt":"2025-04-30T10:15:40","guid":{"rendered":"http:\/\/staryzamet.pl\/?page_id=375"},"modified":"2025-05-06T13:33:25","modified_gmt":"2025-05-06T11:33:25","slug":"clone-of-polityka-prywatnosci-2","status":"publish","type":"page","link":"http:\/\/staryzamet.pl\/?page_id=375","title":{"rendered":"Polityka przetwarzania danych"},"content":{"rendered":"<p style=\"font-weight: 400;\"><strong>Informacja dla klient\u00f3w i go\u015bci Centrum Handlowego Stary Zamet\u00a0<\/strong><strong>o przetwarzaniu danych w zwi\u0105zku z prowadzonym monitoringiem wizyjnym<\/strong><\/p>\n<p style=\"font-weight: 400;\">Opis kategorii os\u00f3b, kt\u00f3rych dotyczy informacja: osoby przebywaj\u0105ce na terenie ci\u0105g\u00f3w pieszych, parking\u00f3w i strefy dostaw przy zabudowaniach Centrum Handlowego\u00a0Stary\u00a0Zamet w Piekarach \u015al\u0105skich, w tym przy budynku biura sp\u00f3\u0142ki Progresja S.A.<\/p>\n<p style=\"font-weight: 400;\">Sp\u00f3\u0142ka Progresja S.A. informuje &#8211; zgodnie z\u00a0art. 13 ust.1 Rozporz\u0105dzenia Parlamentu Europejskiego i Rady (UE) 2016\/679 z dnia 27 kwietnia 2016 r. w sprawie ochrony os\u00f3b fizycznych w zwi\u0105zku z przetwarzaniem danych osobowych i w sprawie swobodnego przep\u0142ywu takich danych oraz uchylenia dyrektywy 95\/46\/WE, zwanego dalej \u201eRODO\u201d \u2013 i\u017c:\u00a0<\/p>\n<ul>\n<li style=\"font-weight: 400;\">administratorem Pani\/Pana danych osobowych jest Progresja S.A. z siedzib\u0105 40-851 Katowice ul. \u017belazna 9,<\/li>\n<li style=\"font-weight: 400;\">Pani\/Pana dane osobowe (wizerunek) przetwarzane b\u0119d\u0105 na podstawie art. 6 ust. 1 lit. f) RODO \u2013 ich przetwarzanie jest niezb\u0119dne do celu wynikaj\u0105cego z prawnie uzasadnionego interesu realizowanego przez administrator\u00f3w, kt\u00f3rym jest zapewnienie bezpiecze\u0144stwa interesant\u00f3w, dostawc\u00f3w i go\u015bci administratora oraz mienia administratora, a tak\u017ce bezpiecze\u0144stwa klient\u00f3w, dostawc\u00f3w i najemc\u00f3w lokali handlowych w Centrum HandlowymStaryZamet, w tym mo\u017cliwo\u015b\u0107 ustalenia przebiegu zdarzenia zagra\u017caj\u0105cego bezpiecze\u0144stwu,<\/li>\n<li style=\"font-weight: 400;\">obszar monitoringu obejmujeparkingi i ci\u0105gi piesze przyleg\u0142e do nieruchomo\u015bci CHStary\u00a0Zamet oraz usytuowan\u0105 z ty\u0142u budynku stref\u0119 dostaw, w tym biura sp\u00f3\u0142ki, zlokalizowane w Piekarach \u015al\u0105skich przy ul. 1 Maja 35,<\/li>\n<li style=\"font-weight: 400;\">celem przetwarzania jest zapewnienie bezpiecze\u0144stwa interesant\u00f3w, dostawc\u00f3w i go\u015bci administratora oraz mienia administratora, a tak\u017ce bezpiecze\u0144stwa klient\u00f3w, dostawc\u00f3w i najemc\u00f3w lokali handlowych w Centrum HandlowymStaryZamet, w tym mo\u017cliwo\u015b\u0107 ustalenia przebiegu zdarzenia zagra\u017caj\u0105cego bezpiecze\u0144stwu,<\/li>\n<li style=\"font-weight: 400;\">Pani\/Pana dane mog\u0105 by\u0107 ujawnione nast\u0119puj\u0105cym kategoriom odbiorc\u00f3w: upowa\u017cnionym i\u00a0przeszkolonym osobom przetwarzaj\u0105cym dane, podmiotom przetwarzaj\u0105cym na podstawie um\u00f3w powierzenia przetwarzania zawartych na pi\u015bmie,<\/li>\n<li style=\"font-weight: 400;\">okres przechowywania danych jest nie d\u0142u\u017cszy ni\u017c 2 miesi\u0105ce, z zastrze\u017ceniem, \u017ce nagrania dotycz\u0105ce incydent\u00f3w mog\u0105 by\u0107 przechowywane d\u0142u\u017cej, do czasu wyja\u015bnienia sprawy albo zako\u0144czenia odpowiednich post\u0119powa\u0144,<\/li>\n<li style=\"font-weight: 400;\">ma Pani\/Pan prawo do \u017c\u0105dania od administratora dost\u0119pu do danych osobowych dotycz\u0105cych Pani\/Pana osoby, \u017c\u0105dania ich sprostowania, usuni\u0119cia, ograniczenia ich przetwarzania,\u00a0 a tak\u017ce prawo do wniesienia skargi do Prezesa Urz\u0119du Ochrony Danych Osobowych.<\/li>\n<\/ul>\n<p style=\"font-weight: 400;\">Ponadto, na podstawie art. 21 ust.1 RODO, ma Pani\/Pan prawo do wniesienia w dowolnym momencie sprzeciwu &#8211; z przyczyn zwi\u0105zanych z Pani\/Pana szczeg\u00f3ln\u0105 sytuacj\u0105 &#8211; wobec przetwarzania Pani\/Pana danych.<\/p>\n","protected":false},"excerpt":{"rendered":"<p>Informacja dla klient\u00f3w i go\u015bci Centrum Handlowego Stary Zamet\u00a0o przetwarzaniu danych w zwi\u0105zku z prowadzonym monitoringiem wizyjnym Opis kategorii os\u00f3b, kt\u00f3rych dotyczy informacja: osoby przebywaj\u0105ce na terenie ci\u0105g\u00f3w pieszych, parking\u00f3w i strefy dostaw przy zabudowaniach Centrum Handlowego\u00a0Stary\u00a0Zamet w Piekarach \u015al\u0105skich, w tym przy budynku biura sp\u00f3\u0142ki Progresja S.A. Sp\u00f3\u0142ka Progresja S.A. informuje &#8211; zgodnie z\u00a0art. [&hellip;]<\/p>\n","protected":false},"author":1,"featured_media":0,"parent":0,"menu_order":0,"comment_status":"closed","ping_status":"open","template":"","meta":{"footnotes":""},"class_list":["post-375","page","type-page","status-publish","hentry","post-wrapper","thrv_wrapper"],"_links":{"self":[{"href":"http:\/\/staryzamet.pl\/index.php?rest_route=\/wp\/v2\/pages\/375","targetHints":{"allow":["GET"]}}],"collection":[{"href":"http:\/\/staryzamet.pl\/index.php?rest_route=\/wp\/v2\/pages"}],"about":[{"href":"http:\/\/staryzamet.pl\/index.php?rest_route=\/wp\/v2\/types\/page"}],"author":[{"embeddable":true,"href":"http:\/\/staryzamet.pl\/index.php?rest_route=\/wp\/v2\/users\/1"}],"replies":[{"embeddable":true,"href":"http:\/\/staryzamet.pl\/index.php?rest_route=%2Fwp%2Fv2%2Fcomments&post=375"}],"version-history":[{"count":5,"href":"http:\/\/staryzamet.pl\/index.php?rest_route=\/wp\/v2\/pages\/375\/revisions"}],"predecessor-version":[{"id":409,"href":"http:\/\/staryzamet.pl\/index.php?rest_route=\/wp\/v2\/pages\/375\/revisions\/409"}],"wp:attachment":[{"href":"http:\/\/staryzamet.pl\/index.php?rest_route=%2Fwp%2Fv2%2Fmedia&parent=375"}],"curies":[{"name":"wp","href":"https:\/\/api.w.org\/{rel}","templated":true}]}}